{"id":2,"date":"2021-10-14T17:41:05","date_gmt":"2021-10-14T15:41:05","guid":{"rendered":"http:\/\/fc3halvleg.dk\/?page_id=2"},"modified":"2024-06-16T14:57:10","modified_gmt":"2024-06-16T12:57:10","slug":"eksempel-side","status":"publish","type":"page","link":"http:\/\/fc3halvleg.dk\/","title":{"rendered":"Forside"},"content":{"rendered":"<div class=\"wp-block-image\">\n<figure class=\"aligncenter size-large\"><img loading=\"lazy\" decoding=\"async\" width=\"1024\" height=\"768\" src=\"https:\/\/fc3halvleg.dk\/wp-content\/uploads\/2024\/06\/Knappi-foeds-1024x768.jpg\" alt=\"\" class=\"wp-image-45\" srcset=\"http:\/\/fc3halvleg.dk\/wp-content\/uploads\/2024\/06\/Knappi-foeds-1024x768.jpg 1024w, http:\/\/fc3halvleg.dk\/wp-content\/uploads\/2024\/06\/Knappi-foeds-300x225.jpg 300w, http:\/\/fc3halvleg.dk\/wp-content\/uploads\/2024\/06\/Knappi-foeds-768x576.jpg 768w, http:\/\/fc3halvleg.dk\/wp-content\/uploads\/2024\/06\/Knappi-foeds-1536x1152.jpg 1536w, http:\/\/fc3halvleg.dk\/wp-content\/uploads\/2024\/06\/Knappi-foeds.jpg 2000w\" sizes=\"auto, (max-width: 1024px) 100vw, 1024px\" \/><figcaption class=\"wp-element-caption\">Papi har f\u00f8dselsdag om et halvt \u00e5r. Vi holder fucking fest ved Ceres Park 6. juli 2024 kl 18-?<\/figcaption><\/figure>\n<\/div>\n\n<div class=\"wp-block-image\">\n<figure class=\"aligncenter size-large\"><img loading=\"lazy\" decoding=\"async\" width=\"1024\" height=\"341\" src=\"http:\/\/fc3halvleg.dk\/wp-content\/uploads\/2021\/10\/foerste-traening-1024x341.jpg\" alt=\"\" class=\"wp-image-15\" srcset=\"http:\/\/fc3halvleg.dk\/wp-content\/uploads\/2021\/10\/foerste-traening-1024x341.jpg 1024w, http:\/\/fc3halvleg.dk\/wp-content\/uploads\/2021\/10\/foerste-traening-300x100.jpg 300w, http:\/\/fc3halvleg.dk\/wp-content\/uploads\/2021\/10\/foerste-traening-768x256.jpg 768w, http:\/\/fc3halvleg.dk\/wp-content\/uploads\/2021\/10\/foerste-traening.jpg 1200w\" sizes=\"auto, (max-width: 1024px) 100vw, 1024px\" \/><figcaption class=\"wp-element-caption\">Billede fra f\u00f8rste officielle tr\u00e6ning p\u00e5 S\u00f8ndervangskolen<\/figcaption><\/figure>\n<\/div>\n\n\n<p><strong>FC 3. Halvleg<\/strong> er startet af kollegianere fra henholdsvis <em>Parkkollegierne &#8211; Kollegierne i Universitetsparken<\/em> og <em>Chr. X Kollegium<\/em>. Vi havde i lang tid haft et \u00f8nske om at dyrke holdsport p\u00e5 et plan, hvor alle kunne v\u00e6re med. Stifterne havde mest lyst til at starte med ugentlige fodboldtr\u00e6ninger, og det startede vi med t\u00e6t p\u00e5 s\u00e6son-afslutningen. Vi tr\u00e6ner hver mandag i udend\u00f8rs-s\u00e6sonen og i indend\u00f8rs-s\u00e6sonen tr\u00e6ner vi ogs\u00e5.<\/p>\n\n\n\n<p>Foreningen har fra starten af v\u00e6ret et sted hvor alle kan m\u00f8de op og spille med. Vi har intentioner om at tilmelde os en 7-mands serie i JBU, og derudover forh\u00e5bninger om at starte volley-tr\u00e6ning.<\/p>\n\n\n\n<p><strong>Formel pr\u00e6sentation af FC 3. Halvleg: <\/strong>Foreningens form\u00e5l er at give alle interesserede i Aarhus og omegn uanset alder, k\u00f8n, nationalitet og f\u00e6rdigheder mulighed for at dyrke idr\u00e6t p\u00e5 amat\u00f8r-niveau eller deltage i foreningens f\u00e6llesskaber. Dette omfatter prim\u00e6rt sportsgrene som fodbold og volleyball. Foreningen vil prim\u00e6rt fokusere p\u00e5 at fremme idr\u00e6t blandt studerende og kollegianere i kommunen.<\/p>\n\n\n\n<p class=\"has-text-align-center\"><a href=\"https:\/\/www.facebook.com\/groups\/644626796499609\">Link til vores Facebook gruppe<\/a><\/p>\n","protected":false},"excerpt":{"rendered":"<p>FC 3. Halvleg er startet af kollegianere fra henholdsvis Parkkollegierne &#8211; Kollegierne i Universitetsparken og Chr. X Kollegium. Vi havde i lang tid haft et \u00f8nske om at dyrke holdsport p\u00e5 et plan, hvor alle kunne v\u00e6re med. Stifterne havde mest lyst til at starte med ugentlige fodboldtr\u00e6ninger, og det startede vi med t\u00e6t p\u00e5 &#8230; <a title=\"Forside\" class=\"read-more\" href=\"http:\/\/fc3halvleg.dk\/\" aria-label=\"Read more about Forside\">L\u00e6s mere <\/a><\/p>\n","protected":false},"author":1,"featured_media":0,"parent":0,"menu_order":0,"comment_status":"closed","ping_status":"open","template":"","meta":{"footnotes":""},"class_list":["post-2","page","type-page","status-publish"],"_links":{"self":[{"href":"http:\/\/fc3halvleg.dk\/index.php\/wp-json\/wp\/v2\/pages\/2","targetHints":{"allow":["GET"]}}],"collection":[{"href":"http:\/\/fc3halvleg.dk\/index.php\/wp-json\/wp\/v2\/pages"}],"about":[{"href":"http:\/\/fc3halvleg.dk\/index.php\/wp-json\/wp\/v2\/types\/page"}],"author":[{"embeddable":true,"href":"http:\/\/fc3halvleg.dk\/index.php\/wp-json\/wp\/v2\/users\/1"}],"replies":[{"embeddable":true,"href":"http:\/\/fc3halvleg.dk\/index.php\/wp-json\/wp\/v2\/comments?post=2"}],"version-history":[{"count":12,"href":"http:\/\/fc3halvleg.dk\/index.php\/wp-json\/wp\/v2\/pages\/2\/revisions"}],"predecessor-version":[{"id":47,"href":"http:\/\/fc3halvleg.dk\/index.php\/wp-json\/wp\/v2\/pages\/2\/revisions\/47"}],"wp:attachment":[{"href":"http:\/\/fc3halvleg.dk\/index.php\/wp-json\/wp\/v2\/media?parent=2"}],"curies":[{"name":"wp","href":"https:\/\/api.w.org\/{rel}","templated":true}]}}